{"id":13,"date":"2015-12-11T12:51:00","date_gmt":"2015-12-11T12:51:00","guid":{"rendered":"http:\/\/kloe.select-themes.com\/?page_id=13"},"modified":"2022-05-10T13:06:08","modified_gmt":"2022-05-10T13:06:08","slug":"about-us","status":"publish","type":"page","link":"https:\/\/www.kospley.com\/fr\/index.php\/about-us\/","title":{"rendered":"About Us"},"content":{"rendered":"<p>[vc_row content_width=\u00a0\u00bbgrid\u00a0\u00bb css=\u00a0\u00bb.vc_custom_1648138853565{margin-top: 20px !important;margin-bottom: 20px !important;}\u00a0\u00bb][vc_column][vc_raw_html]JTNDZGl2JTIwc3R5bGUlM0QlMjJmb250LXNpemUlM0ExMnB4JTNCJTIyJTNFJTBBJTIwJTNDYSUyMGhyZWYlM0QlMjIlMkYlMjIlM0VIT01FJTNDJTJGYSUzRSUwQSUyMCUzQ3NwYW4lMjBjbGFzcyUzRCUyMnFvZGVmLWRlbGltaXRlciUyMiUzRSUyNm5ic3AlM0IlM0NzcGFuJTIwY2xhc3MlM0QlMjJhcnJvd19jYXJyb3QtcmlnaHQlMjIlM0UlM0MlMkZzcGFuJTNFJTI2bmJzcCUzQiUzQyUyRnNwYW4lM0UlMEElMjAlM0NzcGFuJTIwY2xhc3MlM0QlMjJwb3N0ZWRfaW4lMjIlM0UlQzMlODAlMjBQUk9QT1MlMjBERSUyME5PVVMlM0MlMkZzcGFuJTNFJTBBJTNDJTJGZGl2JTNF[\/vc_raw_html][\/vc_column][\/vc_row][vc_row][vc_column css=\u00a0\u00bb.vc_custom_1648048193147{margin-bottom: -20px !important;}\u00a0\u00bb][vc_single_image image=\u00a0\u00bb2875&Prime; img_size=\u00a0\u00bb1100&#215;663&Prime; alignment=\u00a0\u00bbcenter\u00a0\u00bb][\/vc_column][\/vc_row][vc_row content_width=\u00a0\u00bbgrid\u00a0\u00bb content_aligment=\u00a0\u00bbcenter\u00a0\u00bb css=\u00a0\u00bb.vc_custom_1449840833903{padding-top: 73px !important;padding-bottom: 44px !important;}\u00a0\u00bb][vc_column][vc_column_text]<\/p>\n<div class=\"page\" title=\"Page 1\">\n<div class=\"layoutArea\">\n<div class=\"column\">\n<p style=\"text-align: center; color: black; line-height: 35px; font-family: 'Arial'; letter-spacing: 2px;\">Tout est parti d&rsquo;un constat qu&rsquo;il \u00e9tait difficile de trouver des v\u00eatements et des accessoires pour des poup\u00e9es de grande taille. Inspir\u00e9s des influences de la vie de tous les jours et de la fantaisie, nous cr\u00e9ons et recherchons des produits pour customiser les poup\u00e9es de 80cm \u00e0 130cm. Nous essayons de proposer des produits inspirant et qui s&rsquo;ancre dans le quotidien pour que votre poup\u00e9e soit plus proche de vous.<\/p>\n<\/div>\n<\/div>\n<\/div>\n<p>[\/vc_column_text][vc_raw_html]JTNDaHIlMjBzdHlsZSUzRCUyMmhlaWdodCUzQTFweCUzQmJvcmRlciUzQW5vbmUlM0Jjb2xvciUzQSUyM0JFMzgyRSUzQmJhY2tncm91bmQtY29sb3IlM0ElMjNCRTM4MkUlM0J3aWR0aCUzQTQzMXB4JTNCbWFyZ2luLXRvcCUzQTM1cHglM0JtYXJnaW4tYm90dG9tJTNBMzVweCUyMiUyRiUzRQ==[\/vc_raw_html][vc_column_text]<\/p>\n<div class=\"page\" title=\"Page 1\">\n<div class=\"layoutArea\">\n<div class=\"column\">\n<p style=\"text-align: left; color: black; line-height: 35px; font-family: 'Arial'; letter-spacing: 2px;\">Notre approche clients est \u00e0 la fois B-to-B et B-to-C.<\/p>\n<p style=\"text-align: left; color: black; line-height: 35px; font-family: 'Arial'; letter-spacing: 2px;\">Nous nous adressons aux clients professionnels et aux particuliers.<\/p>\n<p>&nbsp;<\/p>\n<p style=\"text-align: left; color: black; line-height: 35px; font-family: 'Arial'; letter-spacing: 2px;\">Kospley est une entreprise en plein d\u00e9veloppement, prenant appui sur le savoir-faire de ses fondateurs et de ses \u00e9quipes&#8230;<\/p>\n<p>&nbsp;<\/p>\n<p style=\"text-align: left; color: black; line-height: 35px; font-family: 'Arial'; letter-spacing: 2px;\">Chez Kospley nous sommes convaincus que nos clients qui pourront habiller et customiser leurs poup\u00e9es, seront encore plus proche d&rsquo;elles et pourront cr\u00e9er une personnalit\u00e9, des \u00e9motions et une histoire avec leur poup\u00e9e<br \/>\ncustomis\u00e9e.<\/p>\n<p>&nbsp;<\/p>\n<p style=\"text-align: left; color: black; line-height: 35px; font-family: 'Arial'; letter-spacing: 2px;\">Kospley a pour ambition de devenir une r\u00e9f\u00e9rence dans l&rsquo;habillement et la customisation des poup\u00e9es de grande taille. Offrir \u00e0 nos clients un ensemble de solutions et une exp\u00e9rience dans la customisation des poup\u00e9es.<\/p>\n<\/div>\n<\/div>\n<\/div>\n<p>[\/vc_column_text][vc_raw_html]JTNDaHIlMjBzdHlsZSUzRCUyMmhlaWdodCUzQTFweCUzQmJvcmRlciUzQW5vbmUlM0Jjb2xvciUzQSUyM0JFMzgyRSUzQmJhY2tncm91bmQtY29sb3IlM0ElMjNCRTM4MkUlM0J3aWR0aCUzQTQzMXB4JTNCbWFyZ2luLXRvcCUzQTM1cHglM0JtYXJnaW4tYm90dG9tJTNBMzVweCUyMiUyRiUzRQ==[\/vc_raw_html][vc_column_text]<\/p>\n<div class=\"page\" title=\"Page 1\">\n<div class=\"layoutArea\">\n<div class=\"column\">\n<p style=\"text-align: center; color: black; line-height: 30px; font-family: 'Arial'; font-size: 20px; letter-spacing: 1px;\">AVEC KOSPLEY VOTRE POUP\u00c9E SERA PLUS PROCHE DE VOUS&#8230;<\/p>\n<\/div>\n<\/div>\n<\/div>\n<p>[\/vc_column_text][\/vc_column][\/vc_row]<\/p>\n","protected":false},"excerpt":{"rendered":"<p>[vc_row content_width=\u00a0\u00bbgrid\u00a0\u00bb css=\u00a0\u00bb.vc_custom_1648138853565{margin-top: 20px !important;margin-bottom: 20px !important;}\u00a0\u00bb][vc_column][vc_raw_html]JTNDZGl2JTIwc3R5bGUlM0QlMjJmb250LXNpemUlM0ExMnB4JTNCJTIyJTNFJTBBJTIwJTNDYSUyMGhyZWYlM0QlMjIlMkYlMjIlM0VIT01FJTNDJTJGYSUzRSUwQSUyMCUzQ3NwYW4lMjBjbGFzcyUzRCUyMnFvZGVmLWRlbGltaXRlciUyMiUzRSUyNm5ic3AlM0IlM0NzcGFuJTIwY2xhc3MlM0QlMjJhcnJvd19jYXJyb3QtcmlnaHQlMjIlM0UlM0MlMkZzcGFuJTNFJTI2bmJzcCUzQiUzQyUyRnNwYW4lM0UlMEElMjAlM0NzcGFuJTIwY2xhc3MlM0QlMjJwb3N0ZWRfaW4lMjIlM0UlQzMlODAlMjBQUk9QT1MlMjBERSUyME5PVVMlM0MlMkZzcGFuJTNFJTBBJTNDJTJGZGl2JTNF[\/vc_raw_html][\/vc_column][\/vc_row][vc_row][vc_column css=\u00a0\u00bb.vc_custom_1648048193147{margin-bottom: -20px !important;}\u00a0\u00bb][vc_single_image image=\u00a0\u00bb2875&Prime; img_size=\u00a0\u00bb1100&#215;663&Prime; alignment=\u00a0\u00bbcenter\u00a0\u00bb][\/vc_column][\/vc_row][vc_row content_width=\u00a0\u00bbgrid\u00a0\u00bb content_aligment=\u00a0\u00bbcenter\u00a0\u00bb css=\u00a0\u00bb.vc_custom_1449840833903{padding-top: 73px !important;padding-bottom: 44px !important;}\u00a0\u00bb][vc_column][vc_column_text] Tout est parti d&rsquo;un constat qu&rsquo;il \u00e9tait difficile de trouver des v\u00eatements et des accessoires pour des poup\u00e9es de grande taille. Inspir\u00e9s des influences de&#8230;<\/p>\n","protected":false},"author":1,"featured_media":0,"parent":0,"menu_order":0,"comment_status":"closed","ping_status":"closed","template":"full-width.php","meta":{"footnotes":""},"class_list":["post-13","page","type-page","status-publish","hentry"],"yoast_head":"<!-- This site is optimized with the Yoast SEO plugin v19.2 - https:\/\/yoast.com\/wordpress\/plugins\/seo\/ -->\n<title>About Us - Kospley<\/title>\n<meta name=\"robots\" content=\"index, follow, max-snippet:-1, max-image-preview:large, max-video-preview:-1\" \/>\n<link rel=\"canonical\" href=\"https:\/\/www.kospley.com\/fr\/index.php\/about-us\/\" \/>\n<meta property=\"og:locale\" content=\"fr_FR\" \/>\n<meta property=\"og:type\" content=\"article\" \/>\n<meta property=\"og:title\" content=\"About Us - Kospley\" \/>\n<meta property=\"og:description\" content=\"[vc_row content_width=\u00a0\u00bbgrid\u00a0\u00bb css=\u00a0\u00bb.vc_custom_1648138853565{margin-top: 20px !important;margin-bottom: 20px !important;}\u00a0\u00bb][vc_column][vc_raw_html]JTNDZGl2JTIwc3R5bGUlM0QlMjJmb250LXNpemUlM0ExMnB4JTNCJTIyJTNFJTBBJTIwJTNDYSUyMGhyZWYlM0QlMjIlMkYlMjIlM0VIT01FJTNDJTJGYSUzRSUwQSUyMCUzQ3NwYW4lMjBjbGFzcyUzRCUyMnFvZGVmLWRlbGltaXRlciUyMiUzRSUyNm5ic3AlM0IlM0NzcGFuJTIwY2xhc3MlM0QlMjJhcnJvd19jYXJyb3QtcmlnaHQlMjIlM0UlM0MlMkZzcGFuJTNFJTI2bmJzcCUzQiUzQyUyRnNwYW4lM0UlMEElMjAlM0NzcGFuJTIwY2xhc3MlM0QlMjJwb3N0ZWRfaW4lMjIlM0UlQzMlODAlMjBQUk9QT1MlMjBERSUyME5PVVMlM0MlMkZzcGFuJTNFJTBBJTNDJTJGZGl2JTNF[\/vc_raw_html][\/vc_column][\/vc_row][vc_row][vc_column css=\u00a0\u00bb.vc_custom_1648048193147{margin-bottom: -20px !important;}\u00a0\u00bb][vc_single_image image=\u00a0\u00bb2875&Prime; img_size=\u00a0\u00bb1100&#215;663&Prime; alignment=\u00a0\u00bbcenter\u00a0\u00bb][\/vc_column][\/vc_row][vc_row content_width=\u00a0\u00bbgrid\u00a0\u00bb content_aligment=\u00a0\u00bbcenter\u00a0\u00bb css=\u00a0\u00bb.vc_custom_1449840833903{padding-top: 73px !important;padding-bottom: 44px !important;}\u00a0\u00bb][vc_column][vc_column_text] Tout est parti d&rsquo;un constat qu&rsquo;il \u00e9tait difficile de trouver des v\u00eatements et des accessoires pour des poup\u00e9es de grande taille. Inspir\u00e9s des influences de...\" \/>\n<meta property=\"og:url\" content=\"https:\/\/www.kospley.com\/fr\/index.php\/about-us\/\" \/>\n<meta property=\"og:site_name\" content=\"Kospley\" \/>\n<meta property=\"article:modified_time\" content=\"2022-05-10T13:06:08+00:00\" \/>\n<meta name=\"author\" content=\"kospley\" \/>\n<meta name=\"twitter:card\" content=\"summary_large_image\" \/>\n<meta name=\"twitter:label1\" content=\"Dur\u00e9e de lecture estim\u00e9e\" \/>\n\t<meta name=\"twitter:data1\" content=\"2 minutes\" \/>\n<script type=\"application\/ld+json\" class=\"yoast-schema-graph\">{\"@context\":\"https:\/\/schema.org\",\"@graph\":[{\"@type\":\"WebSite\",\"@id\":\"https:\/\/www.kospley.com\/fr\/#website\",\"url\":\"https:\/\/www.kospley.com\/fr\/\",\"name\":\"Kospley\",\"description\":\"V\u00eatements et accessoires\",\"potentialAction\":[{\"@type\":\"SearchAction\",\"target\":{\"@type\":\"EntryPoint\",\"urlTemplate\":\"https:\/\/www.kospley.com\/fr\/?s={search_term_string}\"},\"query-input\":\"required name=search_term_string\"}],\"inLanguage\":\"fr-FR\"},{\"@type\":\"WebPage\",\"@id\":\"https:\/\/www.kospley.com\/fr\/index.php\/about-us\/#webpage\",\"url\":\"https:\/\/www.kospley.com\/fr\/index.php\/about-us\/\",\"name\":\"About Us - Kospley\",\"isPartOf\":{\"@id\":\"https:\/\/www.kospley.com\/fr\/#website\"},\"datePublished\":\"2015-12-11T12:51:00+00:00\",\"dateModified\":\"2022-05-10T13:06:08+00:00\",\"breadcrumb\":{\"@id\":\"https:\/\/www.kospley.com\/fr\/index.php\/about-us\/#breadcrumb\"},\"inLanguage\":\"fr-FR\",\"potentialAction\":[{\"@type\":\"ReadAction\",\"target\":[\"https:\/\/www.kospley.com\/fr\/index.php\/about-us\/\"]}]},{\"@type\":\"BreadcrumbList\",\"@id\":\"https:\/\/www.kospley.com\/fr\/index.php\/about-us\/#breadcrumb\",\"itemListElement\":[{\"@type\":\"ListItem\",\"position\":1,\"name\":\"Home\",\"item\":\"https:\/\/www.kospley.com\/fr\/\"},{\"@type\":\"ListItem\",\"position\":2,\"name\":\"About Us\"}]}]}<\/script>\n<!-- \/ Yoast SEO plugin. -->","yoast_head_json":{"title":"About Us - Kospley","robots":{"index":"index","follow":"follow","max-snippet":"max-snippet:-1","max-image-preview":"max-image-preview:large","max-video-preview":"max-video-preview:-1"},"canonical":"https:\/\/www.kospley.com\/fr\/index.php\/about-us\/","og_locale":"fr_FR","og_type":"article","og_title":"About Us - Kospley","og_description":"[vc_row content_width=\u00a0\u00bbgrid\u00a0\u00bb css=\u00a0\u00bb.vc_custom_1648138853565{margin-top: 20px !important;margin-bottom: 20px !important;}\u00a0\u00bb][vc_column][vc_raw_html]JTNDZGl2JTIwc3R5bGUlM0QlMjJmb250LXNpemUlM0ExMnB4JTNCJTIyJTNFJTBBJTIwJTNDYSUyMGhyZWYlM0QlMjIlMkYlMjIlM0VIT01FJTNDJTJGYSUzRSUwQSUyMCUzQ3NwYW4lMjBjbGFzcyUzRCUyMnFvZGVmLWRlbGltaXRlciUyMiUzRSUyNm5ic3AlM0IlM0NzcGFuJTIwY2xhc3MlM0QlMjJhcnJvd19jYXJyb3QtcmlnaHQlMjIlM0UlM0MlMkZzcGFuJTNFJTI2bmJzcCUzQiUzQyUyRnNwYW4lM0UlMEElMjAlM0NzcGFuJTIwY2xhc3MlM0QlMjJwb3N0ZWRfaW4lMjIlM0UlQzMlODAlMjBQUk9QT1MlMjBERSUyME5PVVMlM0MlMkZzcGFuJTNFJTBBJTNDJTJGZGl2JTNF[\/vc_raw_html][\/vc_column][\/vc_row][vc_row][vc_column css=\u00a0\u00bb.vc_custom_1648048193147{margin-bottom: -20px !important;}\u00a0\u00bb][vc_single_image image=\u00a0\u00bb2875&Prime; img_size=\u00a0\u00bb1100&#215;663&Prime; alignment=\u00a0\u00bbcenter\u00a0\u00bb][\/vc_column][\/vc_row][vc_row content_width=\u00a0\u00bbgrid\u00a0\u00bb content_aligment=\u00a0\u00bbcenter\u00a0\u00bb css=\u00a0\u00bb.vc_custom_1449840833903{padding-top: 73px !important;padding-bottom: 44px !important;}\u00a0\u00bb][vc_column][vc_column_text] Tout est parti d&rsquo;un constat qu&rsquo;il \u00e9tait difficile de trouver des v\u00eatements et des accessoires pour des poup\u00e9es de grande taille. Inspir\u00e9s des influences de...","og_url":"https:\/\/www.kospley.com\/fr\/index.php\/about-us\/","og_site_name":"Kospley","article_modified_time":"2022-05-10T13:06:08+00:00","author":"kospley","twitter_card":"summary_large_image","twitter_misc":{"Dur\u00e9e de lecture estim\u00e9e":"2 minutes"},"schema":{"@context":"https:\/\/schema.org","@graph":[{"@type":"WebSite","@id":"https:\/\/www.kospley.com\/fr\/#website","url":"https:\/\/www.kospley.com\/fr\/","name":"Kospley","description":"V\u00eatements et accessoires","potentialAction":[{"@type":"SearchAction","target":{"@type":"EntryPoint","urlTemplate":"https:\/\/www.kospley.com\/fr\/?s={search_term_string}"},"query-input":"required name=search_term_string"}],"inLanguage":"fr-FR"},{"@type":"WebPage","@id":"https:\/\/www.kospley.com\/fr\/index.php\/about-us\/#webpage","url":"https:\/\/www.kospley.com\/fr\/index.php\/about-us\/","name":"About Us - Kospley","isPartOf":{"@id":"https:\/\/www.kospley.com\/fr\/#website"},"datePublished":"2015-12-11T12:51:00+00:00","dateModified":"2022-05-10T13:06:08+00:00","breadcrumb":{"@id":"https:\/\/www.kospley.com\/fr\/index.php\/about-us\/#breadcrumb"},"inLanguage":"fr-FR","potentialAction":[{"@type":"ReadAction","target":["https:\/\/www.kospley.com\/fr\/index.php\/about-us\/"]}]},{"@type":"BreadcrumbList","@id":"https:\/\/www.kospley.com\/fr\/index.php\/about-us\/#breadcrumb","itemListElement":[{"@type":"ListItem","position":1,"name":"Home","item":"https:\/\/www.kospley.com\/fr\/"},{"@type":"ListItem","position":2,"name":"About Us"}]}]}},"_links":{"self":[{"href":"https:\/\/www.kospley.com\/fr\/index.php\/wp-json\/wp\/v2\/pages\/13","targetHints":{"allow":["GET"]}}],"collection":[{"href":"https:\/\/www.kospley.com\/fr\/index.php\/wp-json\/wp\/v2\/pages"}],"about":[{"href":"https:\/\/www.kospley.com\/fr\/index.php\/wp-json\/wp\/v2\/types\/page"}],"author":[{"embeddable":true,"href":"https:\/\/www.kospley.com\/fr\/index.php\/wp-json\/wp\/v2\/users\/1"}],"replies":[{"embeddable":true,"href":"https:\/\/www.kospley.com\/fr\/index.php\/wp-json\/wp\/v2\/comments?post=13"}],"version-history":[{"count":49,"href":"https:\/\/www.kospley.com\/fr\/index.php\/wp-json\/wp\/v2\/pages\/13\/revisions"}],"predecessor-version":[{"id":3287,"href":"https:\/\/www.kospley.com\/fr\/index.php\/wp-json\/wp\/v2\/pages\/13\/revisions\/3287"}],"wp:attachment":[{"href":"https:\/\/www.kospley.com\/fr\/index.php\/wp-json\/wp\/v2\/media?parent=13"}],"curies":[{"name":"wp","href":"https:\/\/api.w.org\/{rel}","templated":true}]}}