{"id":2781,"date":"2022-03-12T05:59:57","date_gmt":"2022-03-12T05:59:57","guid":{"rendered":"https:\/\/test.kospley.com\/en\/?page_id=2781"},"modified":"2025-09-16T02:25:56","modified_gmt":"2025-09-16T02:25:56","slug":"shop-home2","status":"publish","type":"page","link":"https:\/\/www.kospley.com\/fr\/","title":{"rendered":"Shop home"},"content":{"rendered":"<p>[vc_row content_width=\u00a0\u00bbgrid\u00a0\u00bb css_animation=\u00a0\u00bbqodef-element-from-bottom\u00a0\u00bb css=\u00a0\u00bb.vc_custom_1452613809461{background-color: #ffffff !important;}\u00a0\u00bb][vc_column][vc_text_separator title=\u00a0\u00bbNOUVEAUX V\u00caTEMENTS\u00a0\u00bb css=\u00a0\u00bb.vc_custom_1652186666434{padding-bottom: 36px !important;}\u00a0\u00bb]<div class=\"woocommerce columns-4 \"><ul class=\"products columns-4\">\n\n<li class=\"product type-product post-3723 status-publish first instock product_cat-set-cosplay product_cat-clothe product_tag-aventurier product_tag-cosplay product_tag-poupee has-post-thumbnail shipping-taxable purchasable product-type-simple\">\n\n\t\t\t<div class=\"qodef-product-list-image-holder\">\n\t\t<a class=\"qodef-product-list-image-wrapper\" href=\"https:\/\/www.kospley.com\/fr\/index.php\/product\/set-cosplay-hatsune-miku-poupee-148cm\/\">\n\n\t\t\t\n\t\t\t\t<span class=\"qodef-single-product-hover-image\" style=\"background-image: url(https:\/\/www.kospley.com\/fr\/wp-content\/uploads\/2024\/08\/Hatsune-Miku-1-300x300.jpg)\"><\/span>\n\n\t\t\t\t\n\t\t<\/a>\n\t\t\t<\/div>\n\n\t<a href=\"https:\/\/www.kospley.com\/fr\/index.php\/product\/set-cosplay-hatsune-miku-poupee-148cm\/\">\n\t\t<h1 class=\"qodef-product-list-product-title\">Set Cosplay Hatsune Miku &#8211; Poup\u00e9e 148cm<\/h1>\t<\/a>\n\t<\/li>\n\n<li class=\"product type-product post-3471 status-publish instock product_cat-set-cosplay product_cat-innerwear product_cat-clothe product_tag-bikini product_tag-japanese product_tag-lamu product_tag-manga has-post-thumbnail shipping-taxable purchasable product-type-simple\">\n\n\t\t\t<div class=\"qodef-product-list-image-holder\">\n\t\t<a class=\"qodef-product-list-image-wrapper\" href=\"https:\/\/www.kospley.com\/fr\/index.php\/product\/ensemble-cosplay-lamu-poupee-90cm-ou-100cm\/\">\n\n\t\t\t\n\t\t\t\t<span class=\"qodef-single-product-hover-image\" style=\"background-image: url(https:\/\/www.kospley.com\/fr\/wp-content\/uploads\/2023\/06\/Lamu-Pict-A-300x300.jpg)\"><\/span>\n\n\t\t\t\t\n\t\t<\/a>\n\t\t\t<\/div>\n\n\t<a href=\"https:\/\/www.kospley.com\/fr\/index.php\/product\/ensemble-cosplay-lamu-poupee-90cm-ou-100cm\/\">\n\t\t<h1 class=\"qodef-product-list-product-title\">Ensemble Cosplay Lamu &#8211; Poup\u00e9e 90cm ou 100cm<\/h1>\t<\/a>\n\t<\/li>\n\n<li class=\"product type-product post-3251 status-publish instock product_cat-set-cosplay product_cat-top product_cat-clothe product_tag-long-sleeve product_tag-short-sleeve product_tag-winter has-post-thumbnail sale shipping-taxable purchasable product-type-simple\">\n\n\t\n\t<span class=\"qodef-onsale\"><span class=\"qodef-onsale-inner\">PROMO!<\/span><\/span>\n\t\t\t<div class=\"qodef-product-list-image-holder\">\n\t\t<a class=\"qodef-product-list-image-wrapper\" href=\"https:\/\/www.kospley.com\/fr\/index.php\/product\/nurse-hospital-uniform-doll-80cm-to-90cm\/\">\n\n\t\t\t\n\t\t\t\t<span class=\"qodef-single-product-hover-image\" style=\"background-image: url(https:\/\/www.kospley.com\/fr\/wp-content\/uploads\/2022\/04\/Pict-1-23-300x300.jpg)\"><\/span>\n\n\t\t\t\t\n\t\t<\/a>\n\t\t\t<\/div>\n\n\t<a href=\"https:\/\/www.kospley.com\/fr\/index.php\/product\/nurse-hospital-uniform-doll-80cm-to-90cm\/\">\n\t\t<h1 class=\"qodef-product-list-product-title\">Uniforme  d&rsquo;Infirmi\u00e8re &#8211; Poup\u00e9e 80cm \u00e0 90cm<\/h1>\t<\/a>\n\t<\/li>\n\n<li class=\"product type-product post-3622 status-publish last instock product_cat-innerwear product_cat-clothe product_tag-bikini product_tag-manga product_tag-sexy has-post-thumbnail shipping-taxable purchasable product-type-simple\">\n\n\t\t\t<div class=\"qodef-product-list-image-holder\">\n\t\t<a class=\"qodef-product-list-image-wrapper\" href=\"https:\/\/www.kospley.com\/fr\/index.php\/product\/bikini-manga-bleu-vert-poupee-140cm-a-160cm\/\">\n\n\t\t\t\n\t\t\t\t<span class=\"qodef-single-product-hover-image\" style=\"background-image: url(https:\/\/www.kospley.com\/fr\/wp-content\/uploads\/2024\/08\/Pict-1-3-300x300.jpg)\"><\/span>\n\n\t\t\t\t\n\t\t<\/a>\n\t\t\t<\/div>\n\n\t<a href=\"https:\/\/www.kospley.com\/fr\/index.php\/product\/bikini-manga-bleu-vert-poupee-140cm-a-160cm\/\">\n\t\t<h1 class=\"qodef-product-list-product-title\">Bikini Manga bleu\/vert &#8211; Poup\u00e9e 140cm \u00e0 160cm<\/h1>\t<\/a>\n\t<\/li>\n<\/ul>\n<\/div>[\/vc_column][\/vc_row][vc_row content_width=\u00a0\u00bbgrid\u00a0\u00bb css_animation=\u00a0\u00bbqodef-element-from-bottom\u00a0\u00bb css=\u00a0\u00bb.vc_custom_1452613809461{background-color: #ffffff !important;}\u00a0\u00bb][vc_column][vc_text_separator title=\u00a0\u00bbNOUVEAUX ACCESSOIRES\u00a0\u00bb css=\u00a0\u00bb.vc_custom_1650977572370{padding-bottom: 36px !important;}\u00a0\u00bb]<div class=\"woocommerce columns-4 \"><ul class=\"products columns-4\">\n\n<li class=\"product type-product post-3704 status-publish first instock product_cat-accessory product_cat-accessory_s product_tag-deco product_tag-irokebijin product_tag-sexy has-post-thumbnail shipping-taxable purchasable product-type-simple\">\n\n\t\t\t<div class=\"qodef-product-list-image-holder\">\n\t\t<a class=\"qodef-product-list-image-wrapper\" href=\"https:\/\/www.kospley.com\/fr\/index.php\/product\/irokebijin-deco-06\/\">\n\n\t\t\t\n\t\t\t\t<span class=\"qodef-single-product-hover-image\" style=\"background-image: url(https:\/\/www.kospley.com\/fr\/wp-content\/uploads\/2024\/08\/Pict-1-14-300x300.jpg)\"><\/span>\n\n\t\t\t\t\n\t\t<\/a>\n\t\t\t<\/div>\n\n\t<a href=\"https:\/\/www.kospley.com\/fr\/index.php\/product\/irokebijin-deco-06\/\">\n\t\t<h1 class=\"qodef-product-list-product-title\">Irokebijin D\u00e9co 06<\/h1>\t<\/a>\n\t<\/li>\n\n<li class=\"product type-product post-3160 status-publish instock product_cat-accessory product_cat-bag product_tag-bag product_tag-leather has-post-thumbnail shipping-taxable purchasable product-type-simple\">\n\n\t\t\t<div class=\"qodef-product-list-image-holder\">\n\t\t<a class=\"qodef-product-list-image-wrapper\" href=\"https:\/\/www.kospley.com\/fr\/index.php\/product\/leather-satchel-bag-brown\/\">\n\n\t\t\t\n\t\t\t\t<span class=\"qodef-single-product-hover-image\" style=\"background-image: url(https:\/\/www.kospley.com\/fr\/wp-content\/uploads\/2022\/04\/Pict-1-14-300x300.jpg)\"><\/span>\n\n\t\t\t\t\n\t\t<\/a>\n\t\t\t<\/div>\n\n\t<a href=\"https:\/\/www.kospley.com\/fr\/index.php\/product\/leather-satchel-bag-brown\/\">\n\t\t<h1 class=\"qodef-product-list-product-title\">Sac Cartable en Cuir Marron<\/h1>\t<\/a>\n\t<\/li>\n\n<li class=\"product type-product post-3662 status-publish instock product_cat-accessory product_cat-accessory_s product_tag-casquette product_tag-irokebijin product_tag-rose has-post-thumbnail shipping-taxable purchasable product-type-simple\">\n\n\t\t\t<div class=\"qodef-product-list-image-holder\">\n\t\t<a class=\"qodef-product-list-image-wrapper\" href=\"https:\/\/www.kospley.com\/fr\/index.php\/product\/irokebijin-casquette-rose\/\">\n\n\t\t\t\n\t\t\t\t<span class=\"qodef-single-product-hover-image\" style=\"background-image: url(https:\/\/www.kospley.com\/fr\/wp-content\/uploads\/2024\/08\/Pict-2-9-300x300.jpg)\"><\/span>\n\n\t\t\t\t\n\t\t<\/a>\n\t\t\t<\/div>\n\n\t<a href=\"https:\/\/www.kospley.com\/fr\/index.php\/product\/irokebijin-casquette-rose\/\">\n\t\t<h1 class=\"qodef-product-list-product-title\">Irokebijin Casquette Rose<\/h1>\t<\/a>\n\t<\/li>\n\n<li class=\"product type-product post-3371 status-publish last instock product_cat-footwear product_tag-argentee product_tag-chaussure product_tag-poupee has-post-thumbnail shipping-taxable purchasable product-type-simple\">\n\n\t\t\t<div class=\"qodef-product-list-image-holder\">\n\t\t<a class=\"qodef-product-list-image-wrapper\" href=\"https:\/\/www.kospley.com\/fr\/index.php\/product\/chaussures-argentees-etincelantes-poupee-80cm-a-95cm\/\">\n\n\t\t\t\n\t\t\t\t<span class=\"qodef-single-product-hover-image\" style=\"background-image: url(https:\/\/www.kospley.com\/fr\/wp-content\/uploads\/2022\/07\/Pict-1-1-300x300.jpg)\"><\/span>\n\n\t\t\t\t\n\t\t<\/a>\n\t\t\t<\/div>\n\n\t<a href=\"https:\/\/www.kospley.com\/fr\/index.php\/product\/chaussures-argentees-etincelantes-poupee-80cm-a-95cm\/\">\n\t\t<h1 class=\"qodef-product-list-product-title\">Chaussures Argent\u00e9es \u00c9tincelantes- Poup\u00e9e 80cm \u00e0 95cm<\/h1>\t<\/a>\n\t<\/li>\n<\/ul>\n<\/div>[\/vc_column][\/vc_row][vc_row content_width=\u00a0\u00bbgrid\u00a0\u00bb css_animation=\u00a0\u00bbqodef-element-from-bottom\u00a0\u00bb css=\u00a0\u00bb.vc_custom_1452613809461{background-color: #ffffff !important;}\u00a0\u00bb][vc_column][vc_text_separator title=\u00a0\u00bbV\u00caTEMENTS\u00a0\u00bb css=\u00a0\u00bb.vc_custom_1650977585940{padding-bottom: 36px !important;}\u00a0\u00bb]<div class=\"woocommerce columns-4 \"><ul class=\"products columns-4\">\n\n<li class=\"product type-product post-3045 status-publish first instock product_cat-set-cosplay product_cat-top product_cat-clothe product_tag-long-sleeve product_tag-short-sleeve product_tag-winter has-post-thumbnail shipping-taxable purchasable product-type-simple\">\n\n\t\t\t<div class=\"qodef-product-list-image-holder\">\n\t\t<a class=\"qodef-product-list-image-wrapper\" href=\"https:\/\/www.kospley.com\/fr\/index.php\/product\/set-maid-outfit\/\">\n\n\t\t\t\n\t\t\t\t<span class=\"qodef-single-product-hover-image\" style=\"background-image: url(https:\/\/www.kospley.com\/fr\/wp-content\/uploads\/2022\/04\/Pict-1-2-300x300.jpg)\"><\/span>\n\n\t\t\t\t\n\t\t<\/a>\n\t\t\t<\/div>\n\n\t<a href=\"https:\/\/www.kospley.com\/fr\/index.php\/product\/set-maid-outfit\/\">\n\t\t<h1 class=\"qodef-product-list-product-title\">Set Tenue de Servante \u2013 Poup\u00e9e 80cm<\/h1>\t<\/a>\n\t<\/li>\n\n<li class=\"product type-product post-3065 status-publish instock product_cat-innerwear product_cat-clothe product_tag-long-sleeve product_tag-short-sleeve product_tag-winter has-post-thumbnail shipping-taxable purchasable product-type-simple\">\n\n\t\t\t<div class=\"qodef-product-list-image-holder\">\n\t\t<a class=\"qodef-product-list-image-wrapper\" href=\"https:\/\/www.kospley.com\/fr\/index.php\/product\/lingerie-bra-and-underpants-black-doll-80cm-or-90cm\/\">\n\n\t\t\t\n\t\t\t\t<span class=\"qodef-single-product-hover-image\" style=\"background-image: url(https:\/\/www.kospley.com\/fr\/wp-content\/uploads\/2022\/04\/Pict-1-4-300x300.jpg)\"><\/span>\n\n\t\t\t\t\n\t\t<\/a>\n\t\t\t<\/div>\n\n\t<a href=\"https:\/\/www.kospley.com\/fr\/index.php\/product\/lingerie-bra-and-underpants-black-doll-80cm-or-90cm\/\">\n\t\t<h1 class=\"qodef-product-list-product-title\">Lingerie bra and underpants Black &#8211; Doll 80cm or 90cm<\/h1>\t<\/a>\n\t<\/li>\n\n<li class=\"product type-product post-3099 status-publish instock product_cat-bottom product_cat-top product_cat-clothe product_tag-long-sleeve product_tag-short-sleeve product_tag-winter has-post-thumbnail shipping-taxable purchasable product-type-simple\">\n\n\t\t\t<div class=\"qodef-product-list-image-holder\">\n\t\t<a class=\"qodef-product-list-image-wrapper\" href=\"https:\/\/www.kospley.com\/fr\/index.php\/product\/dress-pink-doll-90cm-or-100cm\/\">\n\n\t\t\t\n\t\t\t\t<span class=\"qodef-single-product-hover-image\" style=\"background-image: url(https:\/\/www.kospley.com\/fr\/wp-content\/uploads\/2022\/04\/Pict-1-8-300x300.jpg)\"><\/span>\n\n\t\t\t\t\n\t\t<\/a>\n\t\t\t<\/div>\n\n\t<a href=\"https:\/\/www.kospley.com\/fr\/index.php\/product\/dress-pink-doll-90cm-or-100cm\/\">\n\t\t<h1 class=\"qodef-product-list-product-title\">Robe Rose &#8211; Poup\u00e9e 90cm ou 100cm<\/h1>\t<\/a>\n\t<\/li>\n\n<li class=\"product type-product post-3547 status-publish last instock product_cat-bottom product_cat-top product_cat-clothe product_tag-piperdoll product_tag-short product_tag-t-shirt has-post-thumbnail shipping-taxable purchasable product-type-simple\">\n\n\t\t\t<div class=\"qodef-product-list-image-holder\">\n\t\t<a class=\"qodef-product-list-image-wrapper\" href=\"https:\/\/www.kospley.com\/fr\/index.php\/product\/short-et-t-shirt-piper-doll-poupee-100cm\/\">\n\n\t\t\t\n\t\t\t\t<span class=\"qodef-single-product-hover-image\" style=\"background-image: url(https:\/\/www.kospley.com\/fr\/wp-content\/uploads\/2023\/09\/Short-Tshirt-2-300x300.jpg)\"><\/span>\n\n\t\t\t\t\n\t\t<\/a>\n\t\t\t<\/div>\n\n\t<a href=\"https:\/\/www.kospley.com\/fr\/index.php\/product\/short-et-t-shirt-piper-doll-poupee-100cm\/\">\n\t\t<h1 class=\"qodef-product-list-product-title\">Short et T-shirt Piper Doll\u2013 Poup\u00e9e 100cm<\/h1>\t<\/a>\n\t<\/li>\n<\/ul>\n<\/div>[\/vc_column][\/vc_row][vc_row content_width=\u00a0\u00bbgrid\u00a0\u00bb css_animation=\u00a0\u00bbqodef-element-from-bottom\u00a0\u00bb css=\u00a0\u00bb.vc_custom_1452613809461{background-color: #ffffff !important;}\u00a0\u00bb][vc_column][vc_text_separator title=\u00a0\u00bbACCESSOIRES\u00a0\u00bb css=\u00a0\u00bb.vc_custom_1650977598906{padding-bottom: 36px !important;}\u00a0\u00bb]<div class=\"woocommerce columns-4 \"><ul class=\"products columns-4\">\n\n<li class=\"product type-product post-3168 status-publish first instock product_cat-accessory product_cat-bag product_tag-long-sleeve product_tag-short-sleeve product_tag-winter has-post-thumbnail shipping-taxable purchasable product-type-simple\">\n\n\t\t\t<div class=\"qodef-product-list-image-holder\">\n\t\t<a class=\"qodef-product-list-image-wrapper\" href=\"https:\/\/www.kospley.com\/fr\/index.php\/product\/leather-satchel-bag-grey\/\">\n\n\t\t\t\n\t\t\t\t<span class=\"qodef-single-product-hover-image\" style=\"background-image: url(https:\/\/www.kospley.com\/fr\/wp-content\/uploads\/2022\/04\/Pict-1-15-300x300.jpg)\"><\/span>\n\n\t\t\t\t\n\t\t<\/a>\n\t\t\t<\/div>\n\n\t<a href=\"https:\/\/www.kospley.com\/fr\/index.php\/product\/leather-satchel-bag-grey\/\">\n\t\t<h1 class=\"qodef-product-list-product-title\">Sac Cartable Cuir Gris<\/h1>\t<\/a>\n\t<\/li>\n\n<li class=\"product type-product post-3320 status-publish instock product_cat-accessory product_cat-belt product_tag-long-sleeve product_tag-short-sleeve product_tag-winter has-post-thumbnail shipping-taxable purchasable product-type-simple\">\n\n\t\t\t<div class=\"qodef-product-list-image-holder\">\n\t\t<a class=\"qodef-product-list-image-wrapper\" href=\"https:\/\/www.kospley.com\/fr\/index.php\/product\/ceinture-classique-noir-poupee-80cm-a-95cm\/\">\n\n\t\t\t\n\t\t\t\t<span class=\"qodef-single-product-hover-image\" style=\"background-image: url(https:\/\/www.kospley.com\/fr\/wp-content\/uploads\/2022\/05\/Pict-3-2-300x300.jpg)\"><\/span>\n\n\t\t\t\t\n\t\t<\/a>\n\t\t\t<\/div>\n\n\t<a href=\"https:\/\/www.kospley.com\/fr\/index.php\/product\/ceinture-classique-noir-poupee-80cm-a-95cm\/\">\n\t\t<h1 class=\"qodef-product-list-product-title\">Ceinture Classique noir &#8211; Poup\u00e9e 80cm \u00e0 95cm<\/h1>\t<\/a>\n\t<\/li>\n\n<li class=\"product type-product post-3709 status-publish instock product_cat-accessory product_cat-accessory_s product_tag-deco product_tag-irokebijin product_tag-sexy has-post-thumbnail shipping-taxable purchasable product-type-simple\">\n\n\t\t\t<div class=\"qodef-product-list-image-holder\">\n\t\t<a class=\"qodef-product-list-image-wrapper\" href=\"https:\/\/www.kospley.com\/fr\/index.php\/product\/irokebijin-deco-07\/\">\n\n\t\t\t\n\t\t\t\t<span class=\"qodef-single-product-hover-image\" style=\"background-image: url(https:\/\/www.kospley.com\/fr\/wp-content\/uploads\/2024\/08\/Pict-1-15-300x300.jpg)\"><\/span>\n\n\t\t\t\t\n\t\t<\/a>\n\t\t\t<\/div>\n\n\t<a href=\"https:\/\/www.kospley.com\/fr\/index.php\/product\/irokebijin-deco-07\/\">\n\t\t<h1 class=\"qodef-product-list-product-title\">Irokebijin D\u00e9co 07<\/h1>\t<\/a>\n\t<\/li>\n\n<li class=\"product type-product post-3417 status-publish last instock product_cat-footwear product_tag-aventurier product_tag-chaussure product_tag-poupee has-post-thumbnail shipping-taxable purchasable product-type-simple\">\n\n\t\t\t<div class=\"qodef-product-list-image-holder\">\n\t\t<a class=\"qodef-product-list-image-wrapper\" href=\"https:\/\/www.kospley.com\/fr\/index.php\/product\/chaussure-daventurier-poupee-80cm-a-95cm\/\">\n\n\t\t\t\n\t\t\t\t<span class=\"qodef-single-product-hover-image\" style=\"background-image: url(https:\/\/www.kospley.com\/fr\/wp-content\/uploads\/2022\/11\/Pict-1-300x300.jpg)\"><\/span>\n\n\t\t\t\t\n\t\t<\/a>\n\t\t\t<\/div>\n\n\t<a href=\"https:\/\/www.kospley.com\/fr\/index.php\/product\/chaussure-daventurier-poupee-80cm-a-95cm\/\">\n\t\t<h1 class=\"qodef-product-list-product-title\">Chaussure d&rsquo;aventurier &#8211; Poup\u00e9e 80cm \u00e0 95cm<\/h1>\t<\/a>\n\t<\/li>\n<\/ul>\n<\/div>[\/vc_column][\/vc_row]<\/p>\n","protected":false},"excerpt":{"rendered":"<p>[vc_row content_width=\u00a0\u00bbgrid\u00a0\u00bb css_animation=\u00a0\u00bbqodef-element-from-bottom\u00a0\u00bb css=\u00a0\u00bb.vc_custom_1452613809461{background-color: #ffffff !important;}\u00a0\u00bb][vc_column][vc_text_separator title=\u00a0\u00bbNOUVEAUX V\u00caTEMENTS\u00a0\u00bb css=\u00a0\u00bb.vc_custom_1652186666434{padding-bottom: 36px !important;}\u00a0\u00bb][\/vc_column][\/vc_row][vc_row content_width=\u00a0\u00bbgrid\u00a0\u00bb css_animation=\u00a0\u00bbqodef-element-from-bottom\u00a0\u00bb css=\u00a0\u00bb.vc_custom_1452613809461{background-color: #ffffff !important;}\u00a0\u00bb][vc_column][vc_text_separator title=\u00a0\u00bbNOUVEAUX ACCESSOIRES\u00a0\u00bb css=\u00a0\u00bb.vc_custom_1650977572370{padding-bottom: 36px !important;}\u00a0\u00bb][\/vc_column][\/vc_row][vc_row content_width=\u00a0\u00bbgrid\u00a0\u00bb css_animation=\u00a0\u00bbqodef-element-from-bottom\u00a0\u00bb css=\u00a0\u00bb.vc_custom_1452613809461{background-color: #ffffff !important;}\u00a0\u00bb][vc_column][vc_text_separator title=\u00a0\u00bbV\u00caTEMENTS\u00a0\u00bb css=\u00a0\u00bb.vc_custom_1650977585940{padding-bottom: 36px !important;}\u00a0\u00bb][\/vc_column][\/vc_row][vc_row content_width=\u00a0\u00bbgrid\u00a0\u00bb css_animation=\u00a0\u00bbqodef-element-from-bottom\u00a0\u00bb css=\u00a0\u00bb.vc_custom_1452613809461{background-color: #ffffff !important;}\u00a0\u00bb][vc_column][vc_text_separator title=\u00a0\u00bbACCESSOIRES\u00a0\u00bb css=\u00a0\u00bb.vc_custom_1650977598906{padding-bottom: 36px !important;}\u00a0\u00bb][\/vc_column][\/vc_row]<\/p>\n","protected":false},"author":1,"featured_media":0,"parent":0,"menu_order":0,"comment_status":"closed","ping_status":"closed","template":"","meta":{"footnotes":""},"class_list":["post-2781","page","type-page","status-publish","hentry"],"yoast_head":"<!-- This site is optimized with the Yoast SEO plugin v19.2 - https:\/\/yoast.com\/wordpress\/plugins\/seo\/ -->\n<title>Shop home - Kospley<\/title>\n<meta name=\"robots\" content=\"index, follow, max-snippet:-1, max-image-preview:large, max-video-preview:-1\" \/>\n<link rel=\"canonical\" href=\"https:\/\/www.kospley.com\/fr\/\" \/>\n<meta property=\"og:locale\" content=\"fr_FR\" \/>\n<meta property=\"og:type\" content=\"article\" \/>\n<meta property=\"og:title\" content=\"Shop home - Kospley\" \/>\n<meta property=\"og:description\" content=\"[vc_row content_width=\u00a0\u00bbgrid\u00a0\u00bb css_animation=\u00a0\u00bbqodef-element-from-bottom\u00a0\u00bb css=\u00a0\u00bb.vc_custom_1452613809461{background-color: #ffffff !important;}\u00a0\u00bb][vc_column][vc_text_separator title=\u00a0\u00bbNOUVEAUX V\u00caTEMENTS\u00a0\u00bb css=\u00a0\u00bb.vc_custom_1652186666434{padding-bottom: 36px !important;}\u00a0\u00bb][\/vc_column][\/vc_row][vc_row content_width=\u00a0\u00bbgrid\u00a0\u00bb css_animation=\u00a0\u00bbqodef-element-from-bottom\u00a0\u00bb css=\u00a0\u00bb.vc_custom_1452613809461{background-color: #ffffff !important;}\u00a0\u00bb][vc_column][vc_text_separator title=\u00a0\u00bbNOUVEAUX ACCESSOIRES\u00a0\u00bb css=\u00a0\u00bb.vc_custom_1650977572370{padding-bottom: 36px !important;}\u00a0\u00bb][\/vc_column][\/vc_row][vc_row content_width=\u00a0\u00bbgrid\u00a0\u00bb css_animation=\u00a0\u00bbqodef-element-from-bottom\u00a0\u00bb css=\u00a0\u00bb.vc_custom_1452613809461{background-color: #ffffff !important;}\u00a0\u00bb][vc_column][vc_text_separator title=\u00a0\u00bbV\u00caTEMENTS\u00a0\u00bb css=\u00a0\u00bb.vc_custom_1650977585940{padding-bottom: 36px !important;}\u00a0\u00bb][\/vc_column][\/vc_row][vc_row content_width=\u00a0\u00bbgrid\u00a0\u00bb css_animation=\u00a0\u00bbqodef-element-from-bottom\u00a0\u00bb css=\u00a0\u00bb.vc_custom_1452613809461{background-color: #ffffff !important;}\u00a0\u00bb][vc_column][vc_text_separator title=\u00a0\u00bbACCESSOIRES\u00a0\u00bb css=\u00a0\u00bb.vc_custom_1650977598906{padding-bottom: 36px !important;}\u00a0\u00bb][\/vc_column][\/vc_row]\" \/>\n<meta property=\"og:url\" content=\"https:\/\/www.kospley.com\/fr\/\" \/>\n<meta property=\"og:site_name\" content=\"Kospley\" \/>\n<meta property=\"article:modified_time\" content=\"2025-09-16T02:25:56+00:00\" \/>\n<meta name=\"author\" content=\"kospley\" \/>\n<meta name=\"twitter:card\" content=\"summary_large_image\" \/>\n<meta name=\"twitter:label1\" content=\"Dur\u00e9e de lecture estim\u00e9e\" \/>\n\t<meta name=\"twitter:data1\" content=\"1 minute\" \/>\n<script type=\"application\/ld+json\" class=\"yoast-schema-graph\">{\"@context\":\"https:\/\/schema.org\",\"@graph\":[{\"@type\":\"WebSite\",\"@id\":\"https:\/\/www.kospley.com\/fr\/#website\",\"url\":\"https:\/\/www.kospley.com\/fr\/\",\"name\":\"Kospley\",\"description\":\"V\u00eatements et accessoires\",\"potentialAction\":[{\"@type\":\"SearchAction\",\"target\":{\"@type\":\"EntryPoint\",\"urlTemplate\":\"https:\/\/www.kospley.com\/fr\/?s={search_term_string}\"},\"query-input\":\"required name=search_term_string\"}],\"inLanguage\":\"fr-FR\"},{\"@type\":\"WebPage\",\"@id\":\"https:\/\/www.kospley.com\/fr\/#webpage\",\"url\":\"https:\/\/www.kospley.com\/fr\/\",\"name\":\"Shop home - Kospley\",\"isPartOf\":{\"@id\":\"https:\/\/www.kospley.com\/fr\/#website\"},\"datePublished\":\"2022-03-12T05:59:57+00:00\",\"dateModified\":\"2025-09-16T02:25:56+00:00\",\"breadcrumb\":{\"@id\":\"https:\/\/www.kospley.com\/fr\/#breadcrumb\"},\"inLanguage\":\"fr-FR\",\"potentialAction\":[{\"@type\":\"ReadAction\",\"target\":[\"https:\/\/www.kospley.com\/fr\/\"]}]},{\"@type\":\"BreadcrumbList\",\"@id\":\"https:\/\/www.kospley.com\/fr\/#breadcrumb\",\"itemListElement\":[{\"@type\":\"ListItem\",\"position\":1,\"name\":\"Home\",\"item\":\"https:\/\/www.kospley.com\/fr\/\"},{\"@type\":\"ListItem\",\"position\":2,\"name\":\"Shop home\"}]}]}<\/script>\n<!-- \/ Yoast SEO plugin. -->","yoast_head_json":{"title":"Shop home - Kospley","robots":{"index":"index","follow":"follow","max-snippet":"max-snippet:-1","max-image-preview":"max-image-preview:large","max-video-preview":"max-video-preview:-1"},"canonical":"https:\/\/www.kospley.com\/fr\/","og_locale":"fr_FR","og_type":"article","og_title":"Shop home - Kospley","og_description":"[vc_row content_width=\u00a0\u00bbgrid\u00a0\u00bb css_animation=\u00a0\u00bbqodef-element-from-bottom\u00a0\u00bb css=\u00a0\u00bb.vc_custom_1452613809461{background-color: #ffffff !important;}\u00a0\u00bb][vc_column][vc_text_separator title=\u00a0\u00bbNOUVEAUX V\u00caTEMENTS\u00a0\u00bb css=\u00a0\u00bb.vc_custom_1652186666434{padding-bottom: 36px !important;}\u00a0\u00bb][\/vc_column][\/vc_row][vc_row content_width=\u00a0\u00bbgrid\u00a0\u00bb css_animation=\u00a0\u00bbqodef-element-from-bottom\u00a0\u00bb css=\u00a0\u00bb.vc_custom_1452613809461{background-color: #ffffff !important;}\u00a0\u00bb][vc_column][vc_text_separator title=\u00a0\u00bbNOUVEAUX ACCESSOIRES\u00a0\u00bb css=\u00a0\u00bb.vc_custom_1650977572370{padding-bottom: 36px !important;}\u00a0\u00bb][\/vc_column][\/vc_row][vc_row content_width=\u00a0\u00bbgrid\u00a0\u00bb css_animation=\u00a0\u00bbqodef-element-from-bottom\u00a0\u00bb css=\u00a0\u00bb.vc_custom_1452613809461{background-color: #ffffff !important;}\u00a0\u00bb][vc_column][vc_text_separator title=\u00a0\u00bbV\u00caTEMENTS\u00a0\u00bb css=\u00a0\u00bb.vc_custom_1650977585940{padding-bottom: 36px !important;}\u00a0\u00bb][\/vc_column][\/vc_row][vc_row content_width=\u00a0\u00bbgrid\u00a0\u00bb css_animation=\u00a0\u00bbqodef-element-from-bottom\u00a0\u00bb css=\u00a0\u00bb.vc_custom_1452613809461{background-color: #ffffff !important;}\u00a0\u00bb][vc_column][vc_text_separator title=\u00a0\u00bbACCESSOIRES\u00a0\u00bb css=\u00a0\u00bb.vc_custom_1650977598906{padding-bottom: 36px !important;}\u00a0\u00bb][\/vc_column][\/vc_row]","og_url":"https:\/\/www.kospley.com\/fr\/","og_site_name":"Kospley","article_modified_time":"2025-09-16T02:25:56+00:00","author":"kospley","twitter_card":"summary_large_image","twitter_misc":{"Dur\u00e9e de lecture estim\u00e9e":"1 minute"},"schema":{"@context":"https:\/\/schema.org","@graph":[{"@type":"WebSite","@id":"https:\/\/www.kospley.com\/fr\/#website","url":"https:\/\/www.kospley.com\/fr\/","name":"Kospley","description":"V\u00eatements et accessoires","potentialAction":[{"@type":"SearchAction","target":{"@type":"EntryPoint","urlTemplate":"https:\/\/www.kospley.com\/fr\/?s={search_term_string}"},"query-input":"required name=search_term_string"}],"inLanguage":"fr-FR"},{"@type":"WebPage","@id":"https:\/\/www.kospley.com\/fr\/#webpage","url":"https:\/\/www.kospley.com\/fr\/","name":"Shop home - Kospley","isPartOf":{"@id":"https:\/\/www.kospley.com\/fr\/#website"},"datePublished":"2022-03-12T05:59:57+00:00","dateModified":"2025-09-16T02:25:56+00:00","breadcrumb":{"@id":"https:\/\/www.kospley.com\/fr\/#breadcrumb"},"inLanguage":"fr-FR","potentialAction":[{"@type":"ReadAction","target":["https:\/\/www.kospley.com\/fr\/"]}]},{"@type":"BreadcrumbList","@id":"https:\/\/www.kospley.com\/fr\/#breadcrumb","itemListElement":[{"@type":"ListItem","position":1,"name":"Home","item":"https:\/\/www.kospley.com\/fr\/"},{"@type":"ListItem","position":2,"name":"Shop home"}]}]}},"_links":{"self":[{"href":"https:\/\/www.kospley.com\/fr\/index.php\/wp-json\/wp\/v2\/pages\/2781","targetHints":{"allow":["GET"]}}],"collection":[{"href":"https:\/\/www.kospley.com\/fr\/index.php\/wp-json\/wp\/v2\/pages"}],"about":[{"href":"https:\/\/www.kospley.com\/fr\/index.php\/wp-json\/wp\/v2\/types\/page"}],"author":[{"embeddable":true,"href":"https:\/\/www.kospley.com\/fr\/index.php\/wp-json\/wp\/v2\/users\/1"}],"replies":[{"embeddable":true,"href":"https:\/\/www.kospley.com\/fr\/index.php\/wp-json\/wp\/v2\/comments?post=2781"}],"version-history":[{"count":63,"href":"https:\/\/www.kospley.com\/fr\/index.php\/wp-json\/wp\/v2\/pages\/2781\/revisions"}],"predecessor-version":[{"id":3810,"href":"https:\/\/www.kospley.com\/fr\/index.php\/wp-json\/wp\/v2\/pages\/2781\/revisions\/3810"}],"wp:attachment":[{"href":"https:\/\/www.kospley.com\/fr\/index.php\/wp-json\/wp\/v2\/media?parent=2781"}],"curies":[{"name":"wp","href":"https:\/\/api.w.org\/{rel}","templated":true}]}}