{"id":3072,"date":"2022-04-12T03:17:32","date_gmt":"2022-04-12T03:17:32","guid":{"rendered":"https:\/\/test.kospley.com\/en\/?post_type=product&#038;p=3072"},"modified":"2022-06-16T02:29:19","modified_gmt":"2022-06-16T02:29:19","slug":"lingerie-bra-and-underpants-black-doll-90cm-or-100cm","status":"publish","type":"product","link":"https:\/\/www.kospley.com\/fr\/index.php\/product\/lingerie-bra-and-underpants-black-doll-90cm-or-100cm\/","title":{"rendered":"Lingerie soutien-gorge et slip Noir &#8211; Poup\u00e9e 90cm ou 100cm"},"content":{"rendered":"<p>Livr\u00e9 depuis la Chine sous 15 jours ouvr\u00e9s.<br \/>\nLes frais de port seront calcul\u00e9s \u00e0 la fin de votre commande, apr\u00e8s avoir renseign\u00e9 votre adresse.<\/p>\n<p>GARANTIE<br \/>\nNous ne fournissons pas de garantie si le produit change de couleur, si le produit est d\u00e9grad\u00e9 par l&rsquo;utilisateur ou apr\u00e8s une utilisation prolong\u00e9e due au vieillissement.<br \/>\nSi \u00e0 la r\u00e9ception du produit, le produit est endommag\u00e9, merci de nous le signaler par email.<br \/>\nVeuillez accepter les conditions avant d&rsquo;acheter des produits Kospley.<\/p>\n","protected":false},"excerpt":{"rendered":"<p>Ce set contient un soutien-gorge et un slip.<\/p>\n<p>Coloris : noir<\/p>\n<p>Tailles de poup\u00e9e : 90cm ou 100cm<\/p>\n","protected":false},"featured_media":3066,"template":"","meta":[],"product_cat":[263,264],"product_tag":[160,183,211],"class_list":["post-3072","product","type-product","status-publish","has-post-thumbnail","hentry","product_cat-clothe","product_cat-innerwear","product_tag-long-sleeve","product_tag-short-sleeve","product_tag-winter"],"yoast_head":"<!-- This site is optimized with the Yoast SEO plugin v19.2 - https:\/\/yoast.com\/wordpress\/plugins\/seo\/ -->\n<title>Lingerie soutien-gorge et slip Noir - Poup\u00e9e 90cm ou 100cm - Kospley<\/title>\n<meta name=\"robots\" content=\"index, follow, max-snippet:-1, max-image-preview:large, max-video-preview:-1\" \/>\n<link rel=\"canonical\" href=\"https:\/\/www.kospley.com\/fr\/index.php\/product\/lingerie-bra-and-underpants-black-doll-90cm-or-100cm\/\" \/>\n<meta property=\"og:locale\" content=\"fr_FR\" \/>\n<meta property=\"og:type\" content=\"article\" \/>\n<meta property=\"og:title\" content=\"Lingerie soutien-gorge et slip Noir - Poup\u00e9e 90cm ou 100cm - Kospley\" \/>\n<meta property=\"og:description\" content=\"Ce set contient un soutien-gorge et un slip.  Coloris : noir  Tailles de poup\u00e9e : 90cm ou 100cm\" \/>\n<meta property=\"og:url\" content=\"https:\/\/www.kospley.com\/fr\/index.php\/product\/lingerie-bra-and-underpants-black-doll-90cm-or-100cm\/\" \/>\n<meta property=\"og:site_name\" content=\"Kospley\" \/>\n<meta property=\"article:modified_time\" content=\"2022-06-16T02:29:19+00:00\" \/>\n<meta property=\"og:image\" content=\"https:\/\/www.kospley.com\/fr\/wp-content\/uploads\/2022\/04\/Pict-A-4.jpg\" \/>\n\t<meta property=\"og:image:width\" content=\"600\" \/>\n\t<meta property=\"og:image:height\" content=\"767\" \/>\n\t<meta property=\"og:image:type\" content=\"image\/jpeg\" \/>\n<meta name=\"author\" content=\"kospley\" \/>\n<meta name=\"twitter:card\" content=\"summary_large_image\" \/>\n<script type=\"application\/ld+json\" class=\"yoast-schema-graph\">{\"@context\":\"https:\/\/schema.org\",\"@graph\":[{\"@type\":\"WebSite\",\"@id\":\"https:\/\/www.kospley.com\/fr\/#website\",\"url\":\"https:\/\/www.kospley.com\/fr\/\",\"name\":\"Kospley\",\"description\":\"V\u00eatements et accessoires\",\"potentialAction\":[{\"@type\":\"SearchAction\",\"target\":{\"@type\":\"EntryPoint\",\"urlTemplate\":\"https:\/\/www.kospley.com\/fr\/?s={search_term_string}\"},\"query-input\":\"required name=search_term_string\"}],\"inLanguage\":\"fr-FR\"},{\"@type\":\"ImageObject\",\"inLanguage\":\"fr-FR\",\"@id\":\"https:\/\/www.kospley.com\/fr\/index.php\/product\/lingerie-bra-and-underpants-black-doll-90cm-or-100cm\/#primaryimage\",\"url\":\"https:\/\/www.kospley.com\/fr\/wp-content\/uploads\/2022\/04\/Pict-A-4.jpg\",\"contentUrl\":\"https:\/\/www.kospley.com\/fr\/wp-content\/uploads\/2022\/04\/Pict-A-4.jpg\",\"width\":600,\"height\":767},{\"@type\":\"WebPage\",\"@id\":\"https:\/\/www.kospley.com\/fr\/index.php\/product\/lingerie-bra-and-underpants-black-doll-90cm-or-100cm\/#webpage\",\"url\":\"https:\/\/www.kospley.com\/fr\/index.php\/product\/lingerie-bra-and-underpants-black-doll-90cm-or-100cm\/\",\"name\":\"Lingerie soutien-gorge et slip Noir - Poup\u00e9e 90cm ou 100cm - Kospley\",\"isPartOf\":{\"@id\":\"https:\/\/www.kospley.com\/fr\/#website\"},\"primaryImageOfPage\":{\"@id\":\"https:\/\/www.kospley.com\/fr\/index.php\/product\/lingerie-bra-and-underpants-black-doll-90cm-or-100cm\/#primaryimage\"},\"datePublished\":\"2022-04-12T03:17:32+00:00\",\"dateModified\":\"2022-06-16T02:29:19+00:00\",\"breadcrumb\":{\"@id\":\"https:\/\/www.kospley.com\/fr\/index.php\/product\/lingerie-bra-and-underpants-black-doll-90cm-or-100cm\/#breadcrumb\"},\"inLanguage\":\"fr-FR\",\"potentialAction\":[{\"@type\":\"ReadAction\",\"target\":[\"https:\/\/www.kospley.com\/fr\/index.php\/product\/lingerie-bra-and-underpants-black-doll-90cm-or-100cm\/\"]}]},{\"@type\":\"BreadcrumbList\",\"@id\":\"https:\/\/www.kospley.com\/fr\/index.php\/product\/lingerie-bra-and-underpants-black-doll-90cm-or-100cm\/#breadcrumb\",\"itemListElement\":[{\"@type\":\"ListItem\",\"position\":1,\"name\":\"Home\",\"item\":\"https:\/\/www.kospley.com\/fr\/\"},{\"@type\":\"ListItem\",\"position\":2,\"name\":\"Shop1\",\"item\":\"https:\/\/www.kospley.com\/fr\/index.php\/shop\/\"},{\"@type\":\"ListItem\",\"position\":3,\"name\":\"Lingerie soutien-gorge et slip Noir &#8211; Poup\u00e9e 90cm ou 100cm\"}]}]}<\/script>\n<!-- \/ Yoast SEO plugin. -->","yoast_head_json":{"title":"Lingerie soutien-gorge et slip Noir - Poup\u00e9e 90cm ou 100cm - Kospley","robots":{"index":"index","follow":"follow","max-snippet":"max-snippet:-1","max-image-preview":"max-image-preview:large","max-video-preview":"max-video-preview:-1"},"canonical":"https:\/\/www.kospley.com\/fr\/index.php\/product\/lingerie-bra-and-underpants-black-doll-90cm-or-100cm\/","og_locale":"fr_FR","og_type":"article","og_title":"Lingerie soutien-gorge et slip Noir - Poup\u00e9e 90cm ou 100cm - Kospley","og_description":"Ce set contient un soutien-gorge et un slip.  Coloris : noir  Tailles de poup\u00e9e : 90cm ou 100cm","og_url":"https:\/\/www.kospley.com\/fr\/index.php\/product\/lingerie-bra-and-underpants-black-doll-90cm-or-100cm\/","og_site_name":"Kospley","article_modified_time":"2022-06-16T02:29:19+00:00","og_image":[{"width":600,"height":767,"url":"https:\/\/www.kospley.com\/fr\/wp-content\/uploads\/2022\/04\/Pict-A-4.jpg","type":"image\/jpeg"}],"author":"kospley","twitter_card":"summary_large_image","schema":{"@context":"https:\/\/schema.org","@graph":[{"@type":"WebSite","@id":"https:\/\/www.kospley.com\/fr\/#website","url":"https:\/\/www.kospley.com\/fr\/","name":"Kospley","description":"V\u00eatements et accessoires","potentialAction":[{"@type":"SearchAction","target":{"@type":"EntryPoint","urlTemplate":"https:\/\/www.kospley.com\/fr\/?s={search_term_string}"},"query-input":"required name=search_term_string"}],"inLanguage":"fr-FR"},{"@type":"ImageObject","inLanguage":"fr-FR","@id":"https:\/\/www.kospley.com\/fr\/index.php\/product\/lingerie-bra-and-underpants-black-doll-90cm-or-100cm\/#primaryimage","url":"https:\/\/www.kospley.com\/fr\/wp-content\/uploads\/2022\/04\/Pict-A-4.jpg","contentUrl":"https:\/\/www.kospley.com\/fr\/wp-content\/uploads\/2022\/04\/Pict-A-4.jpg","width":600,"height":767},{"@type":"WebPage","@id":"https:\/\/www.kospley.com\/fr\/index.php\/product\/lingerie-bra-and-underpants-black-doll-90cm-or-100cm\/#webpage","url":"https:\/\/www.kospley.com\/fr\/index.php\/product\/lingerie-bra-and-underpants-black-doll-90cm-or-100cm\/","name":"Lingerie soutien-gorge et slip Noir - Poup\u00e9e 90cm ou 100cm - Kospley","isPartOf":{"@id":"https:\/\/www.kospley.com\/fr\/#website"},"primaryImageOfPage":{"@id":"https:\/\/www.kospley.com\/fr\/index.php\/product\/lingerie-bra-and-underpants-black-doll-90cm-or-100cm\/#primaryimage"},"datePublished":"2022-04-12T03:17:32+00:00","dateModified":"2022-06-16T02:29:19+00:00","breadcrumb":{"@id":"https:\/\/www.kospley.com\/fr\/index.php\/product\/lingerie-bra-and-underpants-black-doll-90cm-or-100cm\/#breadcrumb"},"inLanguage":"fr-FR","potentialAction":[{"@type":"ReadAction","target":["https:\/\/www.kospley.com\/fr\/index.php\/product\/lingerie-bra-and-underpants-black-doll-90cm-or-100cm\/"]}]},{"@type":"BreadcrumbList","@id":"https:\/\/www.kospley.com\/fr\/index.php\/product\/lingerie-bra-and-underpants-black-doll-90cm-or-100cm\/#breadcrumb","itemListElement":[{"@type":"ListItem","position":1,"name":"Home","item":"https:\/\/www.kospley.com\/fr\/"},{"@type":"ListItem","position":2,"name":"Shop1","item":"https:\/\/www.kospley.com\/fr\/index.php\/shop\/"},{"@type":"ListItem","position":3,"name":"Lingerie soutien-gorge et slip Noir &#8211; Poup\u00e9e 90cm ou 100cm"}]}]}},"_links":{"self":[{"href":"https:\/\/www.kospley.com\/fr\/index.php\/wp-json\/wp\/v2\/product\/3072","targetHints":{"allow":["GET"]}}],"collection":[{"href":"https:\/\/www.kospley.com\/fr\/index.php\/wp-json\/wp\/v2\/product"}],"about":[{"href":"https:\/\/www.kospley.com\/fr\/index.php\/wp-json\/wp\/v2\/types\/product"}],"wp:featuredmedia":[{"embeddable":true,"href":"https:\/\/www.kospley.com\/fr\/index.php\/wp-json\/wp\/v2\/media\/3066"}],"wp:attachment":[{"href":"https:\/\/www.kospley.com\/fr\/index.php\/wp-json\/wp\/v2\/media?parent=3072"}],"wp:term":[{"taxonomy":"product_cat","embeddable":true,"href":"https:\/\/www.kospley.com\/fr\/index.php\/wp-json\/wp\/v2\/product_cat?post=3072"},{"taxonomy":"product_tag","embeddable":true,"href":"https:\/\/www.kospley.com\/fr\/index.php\/wp-json\/wp\/v2\/product_tag?post=3072"}],"curies":[{"name":"wp","href":"https:\/\/api.w.org\/{rel}","templated":true}]}}